{"id":150,"date":"2018-01-29T11:45:17","date_gmt":"2018-01-29T04:45:17","guid":{"rendered":"http:\/\/cuongrt.raothue.com\/remthinhphat\/?page_id=150"},"modified":"2018-01-29T11:45:17","modified_gmt":"2018-01-29T04:45:17","slug":"cham-soc-tu-van-khach-hang-tan-tinh-chu-dao-nhu-y-muon","status":"publish","type":"page","link":"https:\/\/c427-remthinhphat.com-vn.net\/?page_id=150","title":{"rendered":"Ch\u0103m s\u00f3c, t\u01b0 v\u1ea5n kh\u00e1ch h\u00e0ng t\u1eadn t\u00ecnh, chu \u0111\u00e1o nh\u01b0 \u00fd mu\u1ed1n"},"content":{"rendered":"","protected":false},"excerpt":{"rendered":"","protected":false},"author":1,"featured_media":0,"parent":0,"menu_order":0,"comment_status":"closed","ping_status":"closed","template":"","meta":[],"_links":{"self":[{"href":"https:\/\/c427-remthinhphat.com-vn.net\/index.php?rest_route=\/wp\/v2\/pages\/150"}],"collection":[{"href":"https:\/\/c427-remthinhphat.com-vn.net\/index.php?rest_route=\/wp\/v2\/pages"}],"about":[{"href":"https:\/\/c427-remthinhphat.com-vn.net\/index.php?rest_route=\/wp\/v2\/types\/page"}],"author":[{"embeddable":true,"href":"https:\/\/c427-remthinhphat.com-vn.net\/index.php?rest_route=\/wp\/v2\/users\/1"}],"replies":[{"embeddable":true,"href":"https:\/\/c427-remthinhphat.com-vn.net\/index.php?rest_route=%2Fwp%2Fv2%2Fcomments&post=150"}],"version-history":[{"count":1,"href":"https:\/\/c427-remthinhphat.com-vn.net\/index.php?rest_route=\/wp\/v2\/pages\/150\/revisions"}],"predecessor-version":[{"id":155,"href":"https:\/\/c427-remthinhphat.com-vn.net\/index.php?rest_route=\/wp\/v2\/pages\/150\/revisions\/155"}],"wp:attachment":[{"href":"https:\/\/c427-remthinhphat.com-vn.net\/index.php?rest_route=%2Fwp%2Fv2%2Fmedia&parent=150"}],"curies":[{"name":"wp","href":"https:\/\/api.w.org\/{rel}","templated":true}]}}