{"id":152,"date":"2018-01-29T11:45:35","date_gmt":"2018-01-29T04:45:35","guid":{"rendered":"http:\/\/cuongrt.raothue.com\/remthinhphat\/?page_id=152"},"modified":"2018-01-29T11:45:35","modified_gmt":"2018-01-29T04:45:35","slug":"minh-dang-hua-lam-nhieu-lam-tot-hon-nhung-gi-da-hua","status":"publish","type":"page","link":"https:\/\/c427-remthinhphat.com-vn.net\/?page_id=152","title":{"rendered":"Minh \u0110\u0103ng &#8220;H\u1ee9a \u00edt, L\u00e0m nhi\u1ec1u&#8221; L\u00e0m t\u1ed1t h\u01a1n nh\u1eefng g\u00ec \u0111\u00e3 h\u1ee9a"},"content":{"rendered":"","protected":false},"excerpt":{"rendered":"","protected":false},"author":1,"featured_media":0,"parent":0,"menu_order":0,"comment_status":"closed","ping_status":"closed","template":"","meta":[],"_links":{"self":[{"href":"https:\/\/c427-remthinhphat.com-vn.net\/index.php?rest_route=\/wp\/v2\/pages\/152"}],"collection":[{"href":"https:\/\/c427-remthinhphat.com-vn.net\/index.php?rest_route=\/wp\/v2\/pages"}],"about":[{"href":"https:\/\/c427-remthinhphat.com-vn.net\/index.php?rest_route=\/wp\/v2\/types\/page"}],"author":[{"embeddable":true,"href":"https:\/\/c427-remthinhphat.com-vn.net\/index.php?rest_route=\/wp\/v2\/users\/1"}],"replies":[{"embeddable":true,"href":"https:\/\/c427-remthinhphat.com-vn.net\/index.php?rest_route=%2Fwp%2Fv2%2Fcomments&post=152"}],"version-history":[{"count":1,"href":"https:\/\/c427-remthinhphat.com-vn.net\/index.php?rest_route=\/wp\/v2\/pages\/152\/revisions"}],"predecessor-version":[{"id":157,"href":"https:\/\/c427-remthinhphat.com-vn.net\/index.php?rest_route=\/wp\/v2\/pages\/152\/revisions\/157"}],"wp:attachment":[{"href":"https:\/\/c427-remthinhphat.com-vn.net\/index.php?rest_route=%2Fwp%2Fv2%2Fmedia&parent=152"}],"curies":[{"name":"wp","href":"https:\/\/api.w.org\/{rel}","templated":true}]}}