{"id":300,"date":"2018-01-31T09:40:07","date_gmt":"2018-01-31T02:40:07","guid":{"rendered":"http:\/\/cuongrt.raothue.com\/remthinhphat\/?page_id=300"},"modified":"2018-01-31T09:42:16","modified_gmt":"2018-01-31T02:42:16","slug":"gioi-thieu","status":"publish","type":"page","link":"https:\/\/c427-remthinhphat.com-vn.net\/?page_id=300","title":{"rendered":"Gi\u1edbi thi\u1ec7u"},"content":{"rendered":"<p><span style=\"color: #ff0000; font-size: 14pt;\"><strong>C\u00e2u 1:\u00a0L\u1ecbch s\u1eed ph\u00e1t tri\u1ec3n c\u1ee7a C\u00f4ng ty, v\u00ec sao ch\u1ecdn ph\u00e2n ph\u1ed1i r\u00e8m c\u1ee7a B\u1ea1ch D\u01b0\u01a1ng<\/strong><\/span><\/p>\n<p><strong>TL:<\/strong>\u00a0L\u00e0m trong l\u0129nh v\u1ef1c n\u1ed9i th\u1ea5t v\u00e0 x\u00e2y d\u1ef1ng, \u0111am m\u00ea l\u00e0m \u0111\u1eb9p, chung c\u01b0, nhi\u1ec1u n\u01b0\u1edbc ph\u00e1t tri\u1ec3n r\u00e8m nh\u01b0ng VN ch\u01b0a c\u00f3.<\/p>\n<p>\u0110\u1ed9i ng\u0169 s\u00e1ng l\u1eadp B\u1ea1ch D\u01b0\u01a1ng l\u00e0 k\u1ef9 s\u01b0 h\u00e0ng \u0111\u1ea7u \u0110inh V\u0103n Ch\u1ec9nh \u2013<\/p>\n<p>\u0110\u1ed9i ng\u0169 th\u00e0nh l\u1eadp c\u00f3 15 n\u0103m kinh nghi\u1ec7m trong ng\u00e0nh.<\/p>\n<p>\u0110i nhi\u1ec1u n\u01b0\u1edbc, r\u00e8m th\u1ef1c d\u1ee5ng cho c\u0103n nh\u00e0, nh\u1eadp \u0111\u01b0\u1ee3c s\u1ea3n ph\u1ea9m t\u1eeb n\u01b0\u1edbc ngo\u00e0i, ch\u00e2u \u00c2u, Ph\u00e1p, Nh\u1eadt, H\u00e0n\u2026 gi\u00e1 r\u1ebb, b\u1ec1n l\u00e0m \u0111\u1eb9p v\u00e0 ch\u00ednh h\u00e3ng.<\/p>\n<ul>\n<li>T\u1ea1i sao mu\u1ed1n ph\u00e2n ph\u1ed1i r\u00e8m<\/li>\n<\/ul>\n<p>L\u00e0m \u0111\u1eb9p cho ng\u00f4i nh\u00e0 c\u1ee7a kh\u00e1ch h\u00e0ng<\/p>\n<p>Xd chung c\u01b0 bi\u1ec7t th\u1ef1 hi\u1ec7n \u0111\u1ea1i r\u1ea5t nhi\u1ec1u, n\u00ean tr\u00ean cao do \u0111\u00f3 n\u1eafng n\u00ean b\u0103t bu\u1ed9c d\u00f9ng r\u00e8m v\u00e0 c\u1ea7u t\u0103ng<\/p>\n<p>\u0110\u1ed9i ng\u0169 nh\u00e2n vi\u00ean l\u00e2u l\u1eafm, ti\u1ebft ki\u1ec7m chi ph\u00ed trong qu\u00e1 tr\u00ecnh x\u00e2y d\u1ef1ng<\/p>\n<p><iframe loading=\"lazy\" src=\"https:\/\/www.youtube.com\/embed\/tc0eST5_cs0\" width=\"850\" height=\"400\" frameborder=\"0\" allowfullscreen=\"allowfullscreen\"><\/iframe><\/p>\n<p><span style=\"color: #ff0000; font-size: 14pt;\"><strong>C\u00e2u 2: L\u1ee3i th\u1ebf c\u1ee7a r\u00e8m B\u1ea1ch D\u01b0\u01a1ng<\/strong><\/span><\/p>\n<p>L\u1ee3i th\u1ebf nh\u1eadp tr\u1ef1c ti\u1ebfp t\u1eeb c\u00e1c n\u01b0\u1edbc, s\u1ea3n xu\u1ea5t tr\u1ef1c ti\u1ebfp, c\u00f2n m\u00ecnh kh\u00f4ng qua nh\u00e0 ph\u00e2n ph\u1ed1 =&gt; gi\u00e1 t\u1ed1t, c\u1ea1nh tranh 10 \u2013 15% tr\u00ean t\u1ea5t c\u1ea3 s\u1ea3n ph\u1ea9m<\/p>\n<p>Quy tr\u00ecnh cung c\u1ea5p h\u00e0ng nhanh t\u1eeb 15 \u2013 45 ph\u00fat c\u00f3 th\u1ec3 mang m\u1eabu \u0111\u1ebfn t\u1eadn n\u01a1i cho kh\u00e1ch h\u00e0ng.<\/p>\n<p>M\u1eabu m\u00e3 \u0111a d\u1ea1ng, phong ph\u00fa,<\/p>\n<p>Ch\u1ebf \u0111\u1ed9 b\u1ea3o h\u00e0ng t\u1eeb 2 \u2013 5 n\u0103m,<\/p>\n<p>\u0110\u00e1p \u1ee9ng cho kh\u00e1ch h\u00e0ng \u01b0u \u0111\u00e3i: Khuy\u1ebfn m\u00e3i gi\u1eb7t r\u00e8m trong v\u00f2ng 1 n\u0103m<\/p>\n<p>\u0110\u1ed9i ng\u0169 nh\u00e2n vi\u00ean chuy\u00ean nghi\u1ec7p<\/p>\n<p>Ph\u00f2ng IT, ch\u0103m s\u00f3c kh\u00e1ch h\u00e0ng, l\u1eafp \u0111\u1eb7t\u2026<\/p>\n<p>Thay th\u1ebf cho kh\u00e1ch h\u00e0ng trong v\u00f2ng 24h, gi\u00e1 r\u1ebb<\/p>\n<p><span style=\"color: #ff0000; font-size: 14pt;\"><strong>C\u00e2u 3: C\u00f4ng tr\u00ecnh:<\/strong><\/span><\/p>\n<p>\u2013 B\u1ed9 Qu\u1ed1c ph\u00f2ng: 28 L\u00fd Nam \u0110\u1ebf<\/p>\n<p>\u2013 S\u1ed1 2 Ho\u00e0ng S\u00e2m C\u1ee5c ti\u00eau chu\u1ea9n ch\u1ea5t l\u01b0\u1ee3ng B\u1ed9 Qu\u1ed1c Ph\u00f2ng<\/p>\n<p>\u2013 Chung c\u01b0 V\u0103n Kh\u00ea, D\u01b0\u01a1ng N\u1ed9i<\/p>\n<p>\u2013 X\u1ed5 s\u1ed1 ki\u1ebfn thi\u1ebft \u0110\u00f4ng Anh<\/p>\n<p>Chi nh\u00e1nh ch\u00ednh HN \u2013 TPHCM l\u1eafp \u0111\u1eb7t 64 t\u1ec9nh th\u00e0nh c\u1ea3 n\u01b0\u1edbc. Xu h\u01b0\u1edbng ti\u1ebfp theo l\u00e0 L\u00e0o, Campuchia ho\u1eb7c \u0111\u1eb7t nh\u1eefng m\u1eabu m\u00e3 c\u1ee7a n\u01b0\u1edbc ngo\u00e0i v\u1ec1<\/p>\n<p>S\u1ed1 2 Phan V\u0103n Tr\u01b0\u1eddng \u2013 S\u1edf ch\u1ec9 huy B\u1ed9 T\u01b0 l\u1ec7nh h\u00f3a h\u1ecdc (r\u00e8m v\u1ea3i cao c\u1ea5p, r\u00e8m l\u00e1, cu\u1ed1n, l\u00e1).<\/p>\n<p>H\u01a1n 1000 m\u1eabu Cataloge \u0111\u00e1p \u1ee9ng m\u1eabu m\u00e3 c\u1ee7a kh\u00e1ch h\u00e0ng t\u1eeb b\u00ecnh d\u00e2n \u0111\u1ebfn cao c\u1ea5p<\/p>\n<p><img loading=\"lazy\" class=\"aligncenter wp-image-295 size-full\" src=\"http:\/\/cuongrt.raothue.com\/remthinhphat\/wp-content\/uploads\/2018\/01\/3.png\" alt=\"\" width=\"1201\" height=\"197\" srcset=\"https:\/\/c427-remthinhphat.com-vn.net\/wp-content\/uploads\/2018\/01\/3.png 1201w, https:\/\/c427-remthinhphat.com-vn.net\/wp-content\/uploads\/2018\/01\/3-300x49.png 300w, https:\/\/c427-remthinhphat.com-vn.net\/wp-content\/uploads\/2018\/01\/3-768x126.png 768w, https:\/\/c427-remthinhphat.com-vn.net\/wp-content\/uploads\/2018\/01\/3-1024x168.png 1024w, https:\/\/c427-remthinhphat.com-vn.net\/wp-content\/uploads\/2018\/01\/3-180x30.png 180w, https:\/\/c427-remthinhphat.com-vn.net\/wp-content\/uploads\/2018\/01\/3-600x98.png 600w\" sizes=\"(max-width: 767px) 89vw, (max-width: 1000px) 54vw, (max-width: 1071px) 543px, 580px\" \/><\/p>\n<p><span style=\"font-size: 14pt; color: #ff0000;\"><strong>C\u00e2u 4: Quy tr\u00ecnh t\u01b0 v\u1ea5n kh\u00e1ch h\u00e0ng<\/strong><\/span><\/p>\n<p>\u2013 Tr\u1ef1c ti\u1ebfp ho\u1eb7c qua mang<\/p>\n<p>G\u1ecdi \u0111i\u1ec7n<\/p>\n<p>Th\u1ea9m \u0111\u1ecbnh gi\u00e1 c\u1ea3 up l\u00ean website<\/p>\n<p>\u0110\u1ebfn showroom \u2013 99 Ho\u00e0ng Qu\u1ed1c Vi\u00eat<\/p>\n<ul>\n<li>16 L\u00ea V\u0103n L\u01b0\u01a1ng V\u1ea1n Ph\u00fac<\/li>\n<li>39 Khu\u1ea5t Duy Ti\u1ebfn<\/li>\n<\/ul>\n<p>Mang m\u1eabu \u0111\u1ebfn nh\u00e0 t\u01b0 v\u1ea5n<\/p>\n<p>K\u00fd duy\u1ec7t m\u1eabu, \u0111\u1eb7t c\u1ecdc 30% gi\u00e1 tr\u1ecb H\u0110<\/p>\n<p>H\u00e0ng \u0111\u1eb7t cao c\u1ea5p ch\u1edd 7 \u2013 10 ng\u00e0y<\/p>\n<p>H\u00e0ng c\u00f3 s\u1eb5n 2 \u2013 3 ng\u00e0y<\/p>\n<p>Thi c\u00f4ng mi\u1ec5n ph\u00ed<\/p>\n<p>Sau b\u00e1n h\u00e0ng l\u00e0 dich v\u1ee5 b\u1ea3o h\u00e0nh<\/p>\n<p>D\u1ecbch v\u1ee5 gi\u1eb7t r\u00e8m t\u1eeb 6 th\u00e1ng \u2013 1 n\u0103m<\/p>\n<p>T\u1eadn d\u1ee5ng m\u1eabu c\u0169 treo t\u1ea1m cho kh\u00e1ch h\u00e0ng l\u1ea5y m\u1eabu c\u1ee7a ch\u1ee7 nh\u00e0 \u0111i may gi\u1eb7t.<\/p>\n<p><span style=\"color: #ff0000; font-size: 14pt;\"><strong>C\u00e2u 5: Th\u00f4ng \u0111i\u1ec7p<\/strong><\/span><\/p>\n<p>D\u1ecbch v\u1ee5 t\u1ed1t nh\u1ea5t, \u0111\u1eb9p nh\u1ea5t, mang l\u1ea1i s\u1ef1 h\u00e0i l\u00f2ng cho kh\u00e1ch h\u00e0ng. \u0110\u1eb9p h\u00f4m nay, \u0111\u1eb9p \u0111\u1ebfn mai sau.<\/p>\n<p><strong>M\u1ee5c ti\u00eau:\u00a0<\/strong>Ho\u00e0n thi\u1ec7n 90% h\u00e0ng c\u00f3 s\u1eb5n trong catalogue c\u1ee7a B\u1ea1ch D\u01b0\u01a1ng<\/p>\n<p>Ph\u00e1t tri\u1ec3n m\u1edf r\u1ed9ng chi nh\u00e1nh: \u0110N, HP, Vinh<\/p>\n<p>&nbsp;<\/p>\n","protected":false},"excerpt":{"rendered":"<p>C\u00e2u 1:\u00a0L\u1ecbch s\u1eed ph\u00e1t tri\u1ec3n c\u1ee7a C\u00f4ng ty, v\u00ec sao ch\u1ecdn ph\u00e2n ph\u1ed1i r\u00e8m c\u1ee7a B\u1ea1ch D\u01b0\u01a1ng TL:\u00a0L\u00e0m trong l\u0129nh &hellip; <a class=\"link-more\" href=\"https:\/\/c427-remthinhphat.com-vn.net\/?page_id=300\" class=\"more-link\">\u0110\u1ecdc th\u00eam &raquo;<span class=\"screen-reader-text\"> &#8220;Gi\u1edbi thi\u1ec7u&#8221;<\/span><\/a><\/p>\n","protected":false},"author":1,"featured_media":0,"parent":0,"menu_order":0,"comment_status":"closed","ping_status":"closed","template":"","meta":[],"_links":{"self":[{"href":"https:\/\/c427-remthinhphat.com-vn.net\/index.php?rest_route=\/wp\/v2\/pages\/300"}],"collection":[{"href":"https:\/\/c427-remthinhphat.com-vn.net\/index.php?rest_route=\/wp\/v2\/pages"}],"about":[{"href":"https:\/\/c427-remthinhphat.com-vn.net\/index.php?rest_route=\/wp\/v2\/types\/page"}],"author":[{"embeddable":true,"href":"https:\/\/c427-remthinhphat.com-vn.net\/index.php?rest_route=\/wp\/v2\/users\/1"}],"replies":[{"embeddable":true,"href":"https:\/\/c427-remthinhphat.com-vn.net\/index.php?rest_route=%2Fwp%2Fv2%2Fcomments&post=300"}],"version-history":[{"count":2,"href":"https:\/\/c427-remthinhphat.com-vn.net\/index.php?rest_route=\/wp\/v2\/pages\/300\/revisions"}],"predecessor-version":[{"id":304,"href":"https:\/\/c427-remthinhphat.com-vn.net\/index.php?rest_route=\/wp\/v2\/pages\/300\/revisions\/304"}],"wp:attachment":[{"href":"https:\/\/c427-remthinhphat.com-vn.net\/index.php?rest_route=%2Fwp%2Fv2%2Fmedia&parent=300"}],"curies":[{"name":"wp","href":"https:\/\/api.w.org\/{rel}","templated":true}]}}