{"id":306,"date":"2018-01-31T10:06:32","date_gmt":"2018-01-31T03:06:32","guid":{"rendered":"http:\/\/cuongrt.raothue.com\/remthinhphat\/?page_id=306"},"modified":"2018-01-31T10:08:08","modified_gmt":"2018-01-31T03:08:08","slug":"doi-tac","status":"publish","type":"page","link":"https:\/\/c427-remthinhphat.com-vn.net\/?page_id=306","title":{"rendered":"\u0110\u1ed1i t\u00e1c"},"content":{"rendered":"<p>R\u00e8m Th\u1ecbnh Ph\u00e1t l\u00e0 m\u1ed9t trong nh\u1eefng \u0111\u1ecba ch\u1ec9 cung c\u1ea5p r\u00e8m c\u1eeda l\u1edbn nh\u1ea5t mi\u1ec1n B\u1eafc. V\u1edbi h\u01a1n 15 n\u0103m kinh nghi\u1ec7m, ch\u00fang t\u00f4i \u0111\u00e3 h\u1ee3p t\u00e1c v\u00e0 l\u00e0m vi\u1ec7c v\u1edbi h\u01a1n 50.000 kh\u00e1ch h\u00e0ng tr\u00ean c\u1ea3 n\u01b0\u1edbc. L\u00e0m vi\u1ec7c v\u1edbi ph\u01b0\u01a1ng ch\u00e2m mang \u0111\u1ebfn c\u00e1c s\u1ea3n ph\u1ea9m l\u00e0m \u0111\u1eb9p cho kh\u00f4ng gian n\u1ed9i th\u1ea5t tr\u01b0\u1eddng t\u1ed3n v\u1edbi th\u1eddi gian, ch\u00fang t\u00f4i lu\u00f4n kh\u00f4ng ng\u1eebng c\u1ed1 g\u1eafng \u0111\u1ec3 mang \u0111\u1ebfn cho qu\u00fd kh\u00e1ch h\u00e0ng c\u00e1c lo\u1ea1i r\u00e8m c\u1eeda \u0111a d\u1ea1ng m\u1eabu m\u00e3, m\u00e0u s\u1eafc, ch\u1ea5t li\u1ec7u v\u1edbi gi\u00e1 th\u00e0nh ph\u1ea3i ch\u0103ng v\u00e0 phong c\u00e1ch ph\u1ee5c v\u1ee5 chuy\u00ean nghi\u1ec7p.<\/p>\n<p><img loading=\"lazy\" class=\"aligncenter wp-image-293 size-full\" src=\"http:\/\/cuongrt.raothue.com\/remthinhphat\/wp-content\/uploads\/2018\/01\/1.jpg\" alt=\"\" width=\"758\" height=\"543\" srcset=\"https:\/\/c427-remthinhphat.com-vn.net\/wp-content\/uploads\/2018\/01\/1.jpg 758w, https:\/\/c427-remthinhphat.com-vn.net\/wp-content\/uploads\/2018\/01\/1-300x215.jpg 300w, https:\/\/c427-remthinhphat.com-vn.net\/wp-content\/uploads\/2018\/01\/1-180x129.jpg 180w, https:\/\/c427-remthinhphat.com-vn.net\/wp-content\/uploads\/2018\/01\/1-600x430.jpg 600w\" sizes=\"(max-width: 706px) 89vw, (max-width: 767px) 82vw, 740px\" \/><\/p>\n<h3><span style=\"color: #0000ff;\"><strong>C\u00c1C S\u1ea2N PH\u1ea8M R\u00c8M B\u1ea0CH D\u01af\u01a0NG<\/strong><\/span><\/h3>\n<p>C\u00e1c s\u1ea3n ph\u1ea9m m\u00e0 r\u00e8m B\u1ea1ch D\u01b0\u01a1ng hi\u1ec7n \u0111ang cung c\u1ea5p:<\/p>\n<ul>\n<li>R\u00e8m v\u1ea3i.<\/li>\n<li>R\u00e8m l\u00e1 d\u1ecdc<\/li>\n<li>R\u00e8m s\u00e1o nh\u00f4m<\/li>\n<li>R\u00e8m s\u00e1o g\u1ed7<\/li>\n<li>R\u00e8m cu\u1ed1n<\/li>\n<li>Ph\u00f4ng r\u00e8m h\u1ed9i tr\u01b0\u1eddng, r\u00e8m tr\u01b0\u1eddng h\u1ecdc, r\u00e8m b\u1ec7nh vi\u1ec7n<\/li>\n<li>R\u00e8m H\u00e0n Qu\u1ed1c.<\/li>\n<\/ul>\n<p><img loading=\"lazy\" class=\"aligncenter wp-image-294 size-full\" src=\"http:\/\/cuongrt.raothue.com\/remthinhphat\/wp-content\/uploads\/2018\/01\/2-2.jpg\" alt=\"\" width=\"1024\" height=\"665\" srcset=\"https:\/\/c427-remthinhphat.com-vn.net\/wp-content\/uploads\/2018\/01\/2-2.jpg 1024w, https:\/\/c427-remthinhphat.com-vn.net\/wp-content\/uploads\/2018\/01\/2-2-300x195.jpg 300w, https:\/\/c427-remthinhphat.com-vn.net\/wp-content\/uploads\/2018\/01\/2-2-768x499.jpg 768w, https:\/\/c427-remthinhphat.com-vn.net\/wp-content\/uploads\/2018\/01\/2-2-180x117.jpg 180w, https:\/\/c427-remthinhphat.com-vn.net\/wp-content\/uploads\/2018\/01\/2-2-600x390.jpg 600w\" sizes=\"(max-width: 767px) 89vw, (max-width: 1000px) 54vw, (max-width: 1071px) 543px, 580px\" \/><\/p>\n<h3><span style=\"color: #0000ff;\"><strong>CAM K\u1ebeT R\u00c8M B\u1ea0CH D\u01af\u01a0NG V\u1edaI KH\u00c1CH H\u00c0NG, \u0110\u1ed0I T\u00c1C<\/strong><\/span><\/h3>\n<p>R\u00e8m B\u1ea1ch D\u01b0\u01a1ng \u0111\u00e3 tr\u1ea3i qua ch\u1eb7ng \u0111\u01b0\u1eddng 15 n\u0103m h\u00ecnh th\u00e0nh v\u00e0 ph\u00e1t tri\u1ec3n. Trong 15 n\u0103m \u0111\u00f3, ch\u00fang t\u00f4i lu\u00f4n n\u1ed7 l\u1ef1c mang \u0111\u1ebfn cho kh\u00e1ch h\u00e0ng c\u00e1c s\u1ea3n ph\u1ea9m cao c\u1ea5p, l\u00e0m b\u1eebng s\u00e1ng kh\u00f4ng gian s\u1ed1ng.<\/p>\n<p><img loading=\"lazy\" class=\"aligncenter wp-image-295 size-full\" src=\"http:\/\/cuongrt.raothue.com\/remthinhphat\/wp-content\/uploads\/2018\/01\/3.png\" alt=\"\" width=\"1201\" height=\"197\" srcset=\"https:\/\/c427-remthinhphat.com-vn.net\/wp-content\/uploads\/2018\/01\/3.png 1201w, https:\/\/c427-remthinhphat.com-vn.net\/wp-content\/uploads\/2018\/01\/3-300x49.png 300w, https:\/\/c427-remthinhphat.com-vn.net\/wp-content\/uploads\/2018\/01\/3-768x126.png 768w, https:\/\/c427-remthinhphat.com-vn.net\/wp-content\/uploads\/2018\/01\/3-1024x168.png 1024w, https:\/\/c427-remthinhphat.com-vn.net\/wp-content\/uploads\/2018\/01\/3-180x30.png 180w, https:\/\/c427-remthinhphat.com-vn.net\/wp-content\/uploads\/2018\/01\/3-600x98.png 600w\" sizes=\"(max-width: 767px) 89vw, (max-width: 1000px) 54vw, (max-width: 1071px) 543px, 580px\" \/><\/p>\n<p>V\u1edbi kh\u00e1ch h\u00e0ng c\u1ee7a B\u1ea1ch D\u01b0\u01a1ng, ch\u00fang t\u00f4i cam k\u1ebft:<\/p>\n<ul>\n<li>Mang \u0111\u1ebfn c\u00e1c s\u1ea3n ph\u1ea9m ch\u1ea5t l\u01b0\u1ee3ng t\u1ed1t nh\u1ea5t v\u00e0 ph\u00f9 h\u1ee3p nh\u1ea5t cho kh\u00f4ng gian c\u1ee7a kh\u00e1ch h\u00e0ng.<\/li>\n<li>Ho\u00e0n thi\u1ec7n s\u1ea3n ph\u1ea9m theo \u0111\u00fang cam k\u1ebft<\/li>\n<li>Quy tr\u00ecnh h\u1ee3p t\u00e1c r\u00f5 r\u00e0ng<\/li>\n<li>Kh\u00f4ng thu th\u00eam b\u1ea5t k\u1ef3 ph\u1ee5 ph\u00ed n\u00e0o ngo\u00e0i c\u00e1c kho\u1ea3n \u0111\u00e3 th\u1ecfa thu\u1eadn<\/li>\n<li>Gi\u00e1 c\u1ea3 c\u1ea1nh tranh, \u01b0u \u0111\u00e3i nh\u1ea5t.<\/li>\n<li>Ch\u1ebf \u0111\u1ed9 b\u1ea3o h\u00e0nh, b\u1ea3o tr\u00ec s\u1ea3n ph\u1ea9m t\u1ed1t nh\u1ea5t.<\/li>\n<\/ul>\n<h3><span style=\"color: #0000ff;\"><strong>M\u1ed8T S\u1ed0 \u0110\u1ed0I T\u00c1C TI\u00caU BI\u1ec2U C\u1ee6A R\u00c8M B\u1ea0CH D\u01af\u01a0NG<\/strong><\/span><\/h3>\n<p>Nhi\u1ec1u n\u0103m kinh nghi\u1ec7m ho\u1ea1t \u0111\u1ed9ng trong l\u0129nh v\u1ef1c r\u00e8m c\u1eeda tr\u00ean to\u00e0n qu\u1ed1c, s\u1ea3n ph\u1ea9m c\u1ee7a r\u00e8m B\u1ea1ch D\u01b0\u01a1ng \u0111\u01b0\u1ee3c nh\u1eadp tr\u1ef1c ti\u1ebfp t\u1eeb c\u00e1c n\u01b0\u1edbc H\u00e0n Qu\u1ed1c, Nh\u1eadt B\u1ea3n, Ph\u00e1p, B\u1ec9, Trung Qu\u1ed1c v\u00e0 c\u00e1c nh\u00e0 s\u1ea3n xu\u1ea5t l\u1edbn, c\u00f3 uy t\u00edn \u1edf trong n\u01b0\u1edbc. Hi\u1ec7n nay v\u1edbi 02 Showroom v\u00e0 01 c\u01a1 s\u1edf s\u1ea3n xu\u1ea5t c\u00f9ng \u0111\u1ed9i ng\u0169 nh\u00e2n vi\u00ean l\u00e0nh ngh\u1ec1, phong c\u00e1ch l\u00e0m vi\u1ec7c chuy\u00ean nghi\u1ec7p, t\u1eadn t\u1ee5y B\u1ea1ch D\u01b0\u01a1ng \u0111\u00e3 th\u1ef1c hi\u1ec7n th\u00e0nh c\u00f4ng nhi\u1ec1u c\u00f4ng tr\u00ecnh l\u1edbn t\u1ea1i H\u00e0 N\u1ed9i v\u00e0 c\u00e1c t\u1ec9nh th\u00e0nh trong c\u1ea3 n\u01b0\u1edbc.<\/p>\n<p><img loading=\"lazy\" class=\"aligncenter wp-image-296 size-full\" src=\"http:\/\/cuongrt.raothue.com\/remthinhphat\/wp-content\/uploads\/2018\/01\/4-1.jpg\" alt=\"\" width=\"1050\" height=\"700\" srcset=\"https:\/\/c427-remthinhphat.com-vn.net\/wp-content\/uploads\/2018\/01\/4-1.jpg 1050w, https:\/\/c427-remthinhphat.com-vn.net\/wp-content\/uploads\/2018\/01\/4-1-300x200.jpg 300w, https:\/\/c427-remthinhphat.com-vn.net\/wp-content\/uploads\/2018\/01\/4-1-768x512.jpg 768w, https:\/\/c427-remthinhphat.com-vn.net\/wp-content\/uploads\/2018\/01\/4-1-1024x683.jpg 1024w, https:\/\/c427-remthinhphat.com-vn.net\/wp-content\/uploads\/2018\/01\/4-1-180x120.jpg 180w, https:\/\/c427-remthinhphat.com-vn.net\/wp-content\/uploads\/2018\/01\/4-1-600x400.jpg 600w\" sizes=\"(max-width: 767px) 89vw, (max-width: 1000px) 54vw, (max-width: 1071px) 543px, 580px\" \/><\/p>\n<p>M\u1ed9t s\u1ed1 c\u00f4ng tr\u00ecnh l\u1edbn ti\u00eau bi\u1ec3u c\u1ee7a r\u00e8m c\u1eeda B\u1ea1ch D\u01b0\u01a1ng:<\/p>\n<ul>\n<li>C\u00f4ng tr\u00ecnh t\u00f2a nh\u00e0 B\u1ea3o hi\u1ec3m x\u00e3 h\u1ed9i Qu\u00e2n \u0111\u1ed9i \u2013 B\u1ed9 Qu\u1ed1c Ph\u00f2ng \u2013 28 L\u00fd Nam \u0110\u1ebf \u2013 Ho\u00e0n Ki\u1ebfm \u2013 H\u00e0 N\u1ed9i.<\/li>\n<li>C\u00f4ng tr\u00ecnh khu ngh\u1ec9 d\u01b0\u1ee1ng Th\u00e1c B\u1ea1c \u2013 Su\u1ed1i Sao \u2013 \u0110\u1ecba ch\u1ec9 446 Y\u00ean B\u00ecnh \u2013 Th\u1ea1ch Th\u1ea5t \u2013 H\u00e0 N\u1ed9i.<\/li>\n<li>C\u00f4ng tr\u00ecnh C\u1ee5c ti\u00eau chu\u1ea9n \u0111o l\u01b0\u1eddng ch\u1ea5t l\u01b0\u1ee3ng \u2013 \u0110\u1ecba ch\u1ec9 11 Ho\u00e0ng S\u00e2m \u2013 C\u1ea7u Gi\u1ea5y \u2013 H\u00e0 N\u1ed9i.<\/li>\n<li>C\u00f4ng tr\u00ecnh kh\u00e1ch s\u1ea1n Green \u2013 \u0110\u1ecba ch\u1ec9 s\u1ed1 2 \u2013 Mai H\u1eafc \u0110\u1ebf \u2013 Th\u00e0nh ph\u1ed1 Vinh \u2013 Ngh\u1ec7 An.<\/li>\n<li>C\u00f4ng ty TNHH NAMDONG Vi\u1ec7t Nam \u2013 C\u1ee5m CN Qu\u1ef3nh C\u00f4i \u2013 Qu\u1ef3nh Ph\u1ee5 \u2013 Th\u00e1i B\u00ecnh.<\/li>\n<li>T\u1eadp \u0111o\u00e0n SAM SUNG Vi\u1ec7t Nam \u2013 B\u1eafc Ninh.<\/li>\n<li>Nh\u00e0 kh\u00e1ch B\u1ed9 Ngo\u1ea1i giao \u2013 \u0110\u1ecba ch\u1ec9 s\u1ed1 32 B\u00e0 Tri\u1ec7u \u2013 H\u00e0 N\u1ed9i.<\/li>\n<li>Kh\u00e1ch s\u1ea1n SUMMER \u2013 C\u1eeda L\u00f2 \u2013 Ngh\u1ec7 An.<\/li>\n<\/ul>\n<p><img loading=\"lazy\" class=\"alignnone wp-image-297 size-full\" src=\"http:\/\/cuongrt.raothue.com\/remthinhphat\/wp-content\/uploads\/2018\/01\/5-1.jpg\" alt=\"\" width=\"1050\" height=\"700\" srcset=\"https:\/\/c427-remthinhphat.com-vn.net\/wp-content\/uploads\/2018\/01\/5-1.jpg 1050w, https:\/\/c427-remthinhphat.com-vn.net\/wp-content\/uploads\/2018\/01\/5-1-300x200.jpg 300w, https:\/\/c427-remthinhphat.com-vn.net\/wp-content\/uploads\/2018\/01\/5-1-768x512.jpg 768w, https:\/\/c427-remthinhphat.com-vn.net\/wp-content\/uploads\/2018\/01\/5-1-1024x683.jpg 1024w, https:\/\/c427-remthinhphat.com-vn.net\/wp-content\/uploads\/2018\/01\/5-1-180x120.jpg 180w, https:\/\/c427-remthinhphat.com-vn.net\/wp-content\/uploads\/2018\/01\/5-1-600x400.jpg 600w\" sizes=\"(max-width: 767px) 89vw, (max-width: 1000px) 54vw, (max-width: 1071px) 543px, 580px\" \/><\/p>\n<ul>\n<li>Kh\u00e1ch s\u1ea1n Th\u00fay Hi\u1ebfu \u2013 C\u1eeda L\u00f2 \u2013 Ngh\u1ec7 An.<\/li>\n<li>Kh\u00e1ch s\u1ea1n Trung Vinh \u2013 C\u1eeda L\u00f2 \u2013 Ngh\u1ec7 An.<\/li>\n<li>Qu\u1eadn \u1ee7y T\u00e2y H\u1ed3 \u2013 Th\u00e0nh ph\u1ed1 H\u00e0 N\u1ed9i.<\/li>\n<li>Khu ngh\u1ec9 d\u01b0\u1ee1ng cao c\u1ea5p Duy\u00ean H\u00e0 \u2013 Cam Ranh \u2013 Kh\u00e1nh H\u00f2a.<\/li>\n<li>Kh\u00e1ch s\u1ea1n Central Thanh H\u00f3a<\/li>\n<li>Nh\u00e0 m\u00e1y \u0110\u1ed3ng Giao \u2013 Ninh B\u00ecnh.<\/li>\n<li>H\u1ecdc vi\u1ec7n An ninh Nh\u00e2n d\u00e2n \u2013 Nguy\u1ec5n Tr\u00e3i \u2013 H\u00e0 N\u1ed9i.<\/li>\n<li>Khu \u0111\u00f4 th\u1ecb An H\u01b0ng, V\u0103n Ph\u00fa, Park City, Ecopark\u2026.<\/li>\n<\/ul>\n<p>Ngo\u00e0i c\u00e1c c\u00f4ng tr\u00ecnh l\u1edbn, ch\u00fang t\u00f4i c\u0169ng \u0111\u00e3 l\u1eafp \u0111\u1eb7t r\u00e8m c\u1eeda, t\u01b0 v\u1ea5n trang tr\u00ed kh\u00f4ng gian n\u1ed9i th\u1ea5t cho h\u00e0ng ngh\u00ecn c\u00e1c c\u00f4ng tr\u00ecnh nh\u01b0 nh\u00e0 d\u00e2n, bi\u1ec7t th\u1ef1, c\u00e1c b\u1ec7nh vi\u1ec7n, chung c\u01b0, kh\u00e1ch s\u1ea1n\u2026 95% kh\u00e1ch h\u00e0ng h\u00e0i l\u00f2ng v\u1edbi c\u00e1c s\u1ea3n ph\u1ea9m m\u00e0 B\u1ea1ch D\u01b0\u01a1ng \u0111\u00e3 cung c\u1ea5p.<\/p>\n<p><img loading=\"lazy\" class=\"alignnone wp-image-298 size-full\" src=\"http:\/\/cuongrt.raothue.com\/remthinhphat\/wp-content\/uploads\/2018\/01\/6.jpg\" alt=\"\" width=\"1050\" height=\"700\" srcset=\"https:\/\/c427-remthinhphat.com-vn.net\/wp-content\/uploads\/2018\/01\/6.jpg 1050w, https:\/\/c427-remthinhphat.com-vn.net\/wp-content\/uploads\/2018\/01\/6-300x200.jpg 300w, https:\/\/c427-remthinhphat.com-vn.net\/wp-content\/uploads\/2018\/01\/6-768x512.jpg 768w, https:\/\/c427-remthinhphat.com-vn.net\/wp-content\/uploads\/2018\/01\/6-1024x683.jpg 1024w, https:\/\/c427-remthinhphat.com-vn.net\/wp-content\/uploads\/2018\/01\/6-180x120.jpg 180w, https:\/\/c427-remthinhphat.com-vn.net\/wp-content\/uploads\/2018\/01\/6-600x400.jpg 600w\" sizes=\"(max-width: 767px) 89vw, (max-width: 1000px) 54vw, (max-width: 1071px) 543px, 580px\" \/><\/p>\n<p>Sau 15 n\u0103m ho\u1ea1t \u0111\u1ed9ng, ch\u00fang t\u00f4i \u0111\u00e3 h\u1ee3p t\u00e1c v\u1edbi 50.000 \u0111\u1ed1i t\u00e1c. C\u1ee5 th\u1ec3 nh\u01b0 sau:<\/p>\n<ul>\n<li>Kh\u00e1ch s\u1ea1n: 5000 c\u00f4ng tr\u00ecnh<\/li>\n<li>Nh\u00e0 d\u00e2n: 20.000 c\u00f4ng tr\u00ecnh<\/li>\n<li>Bi\u1ec7t th\u1ef1: 2.000 c\u00f4ng tr\u00ecnh<\/li>\n<li>B\u1ec7nh vi\u1ec7n: 3000 c\u00f4ng tr\u00ecnh<\/li>\n<li>Chung c\u01b0: 10.000 c\u00f4ng tr\u00ecnh<\/li>\n<li>V\u0103n ph\u00f2ng: 10.000 c\u00f4ng tr\u00ecnh<\/li>\n<\/ul>\n<h3><span style=\"color: #0000ff; font-size: 24pt;\"><strong>LI\u00caN H\u1ec6<\/strong><\/span><\/h3>\n<p style=\"text-align: center;\"><span style=\"color: #3366ff;\"><strong>\u0110\u1eebng mua h\u00e0ng b\u1eb1ng ni\u1ec1m tin, h\u00e3y mua h\u00e0ng b\u1eb1ng s\u1ef1 hi\u1ec3u bi\u1ebft!<\/strong><\/span><\/p>\n<p style=\"text-align: center;\"><span style=\"color: #3366ff;\"><strong><em>S\u1ee9 m\u1ec7nh s\u00e1t c\u00e1nh b\u00ean kh\u00e1ch h\u00e0ng tr\u00ean h\u00e0nh tr\u00ecnh tr\u1edf th\u00e0nh ng\u01b0\u1eddi ti\u00eau d\u00f9ng th\u00f4ng th\u00e1i<\/em><\/strong><\/span><\/p>\n<p><strong><em>H\u00e3y \u0111i\u1ec7n ngay cho ch\u00fang t\u00f4i \u0111\u1ec3 \u0111\u01b0\u1ee3c t\u01b0 v\u1ea5n mi\u1ec5n ph\u00ed v\u00e0 xem h\u00e0ng t\u1eadn nh\u00e0!<\/em><\/strong><\/p>\n<p><strong>Tel: <span style=\"color: #ff0000; font-size: 14pt;\">02466 629 828\u00a0<\/span> &#8211; Hotline:<span style=\"color: #ff0000; font-size: 14pt;\"> 0961 93 26 26<\/span><\/strong><\/p>\n<p>Email: remthinhphat@gmail.com<\/p>\n<p><strong>Showroom H\u00e0 N\u1ed9i:<\/strong><\/p>\n<p>\u0110\/c: S\u1ed1 28 &#8211; Ng\u00f5 25 &#8211; Ph\u1ea1m Th\u1eadn Du\u1eadt &#8211; Mai D\u1ecbch &#8211; C\u1ea7u Gi\u1ea5y &#8211; H\u00e0 N\u1ed9i<\/p>\n","protected":false},"excerpt":{"rendered":"<p>R\u00e8m Th\u1ecbnh Ph\u00e1t l\u00e0 m\u1ed9t trong nh\u1eefng \u0111\u1ecba ch\u1ec9 cung c\u1ea5p r\u00e8m c\u1eeda l\u1edbn nh\u1ea5t mi\u1ec1n B\u1eafc. V\u1edbi h\u01a1n 15 &hellip; <a class=\"link-more\" href=\"https:\/\/c427-remthinhphat.com-vn.net\/?page_id=306\" class=\"more-link\">\u0110\u1ecdc th\u00eam &raquo;<span class=\"screen-reader-text\"> &#8220;\u0110\u1ed1i t\u00e1c&#8221;<\/span><\/a><\/p>\n","protected":false},"author":1,"featured_media":0,"parent":0,"menu_order":0,"comment_status":"closed","ping_status":"closed","template":"","meta":[],"_links":{"self":[{"href":"https:\/\/c427-remthinhphat.com-vn.net\/index.php?rest_route=\/wp\/v2\/pages\/306"}],"collection":[{"href":"https:\/\/c427-remthinhphat.com-vn.net\/index.php?rest_route=\/wp\/v2\/pages"}],"about":[{"href":"https:\/\/c427-remthinhphat.com-vn.net\/index.php?rest_route=\/wp\/v2\/types\/page"}],"author":[{"embeddable":true,"href":"https:\/\/c427-remthinhphat.com-vn.net\/index.php?rest_route=\/wp\/v2\/users\/1"}],"replies":[{"embeddable":true,"href":"https:\/\/c427-remthinhphat.com-vn.net\/index.php?rest_route=%2Fwp%2Fv2%2Fcomments&post=306"}],"version-history":[{"count":1,"href":"https:\/\/c427-remthinhphat.com-vn.net\/index.php?rest_route=\/wp\/v2\/pages\/306\/revisions"}],"predecessor-version":[{"id":307,"href":"https:\/\/c427-remthinhphat.com-vn.net\/index.php?rest_route=\/wp\/v2\/pages\/306\/revisions\/307"}],"wp:attachment":[{"href":"https:\/\/c427-remthinhphat.com-vn.net\/index.php?rest_route=%2Fwp%2Fv2%2Fmedia&parent=306"}],"curies":[{"name":"wp","href":"https:\/\/api.w.org\/{rel}","templated":true}]}}